{"id":4921,"date":"2025-01-30T00:24:40","date_gmt":"2025-01-30T00:24:40","guid":{"rendered":"https:\/\/pocinhos.pb.gov.br\/site\/?page_id=4921"},"modified":"2025-01-30T00:26:13","modified_gmt":"2025-01-30T00:26:13","slug":"hino","status":"publish","type":"page","link":"https:\/\/pocinhos.pb.gov.br\/site\/hino\/","title":{"rendered":"Hino de Pocinhos"},"content":{"rendered":"\t\t<div data-elementor-type=\"wp-page\" data-elementor-id=\"4921\" class=\"elementor elementor-4921\">\n\t\t\t\t\t\t<section class=\"elementor-section elementor-top-section elementor-element elementor-element-c0a8a7e elementor-section-boxed elementor-section-height-default elementor-section-height-default\" data-id=\"c0a8a7e\" data-element_type=\"section\">\n\t\t\t\t\t\t<div class=\"elementor-container elementor-column-gap-default\">\n\t\t\t\t\t<div class=\"elementor-column elementor-col-50 elementor-top-column elementor-element elementor-element-145faa4\" data-id=\"145faa4\" data-element_type=\"column\">\n\t\t\t<div class=\"elementor-widget-wrap elementor-element-populated\">\n\t\t\t\t\t\t<div class=\"elementor-element elementor-element-45e929f elementor-widget elementor-widget-text-editor\" data-id=\"45e929f\" data-element_type=\"widget\" data-widget_type=\"text-editor.default\">\n\t\t\t\t<div class=\"elementor-widget-container\">\n\t\t\t\t\t\t\t\t\t<p>Nessa serra altaneira se engasta,<br \/>uma j\u00f3ia de fino lavor.<br \/>\u00c9 Pocinhos, cidade menina,<br \/>A mais linda e mais cheia de amor.<\/p><p>Eia sus, Pocinhenses her\u00f3icos,<br \/>Para frente, eia avante a marchar!<br \/>Um futuro feliz, glorioso<br \/>Temos n\u00f3s a sorrir e a brilhar \u2013 BIS<\/p><p>Terra ber\u00e7o, de um povo crist\u00e3o,<br \/>Que mostrando ser bem brasileiro,<br \/>Ergue altares \u00e0 virgem Maria,<br \/>E nos montes, desfralda cruzeiros<\/p><p>Eia sus, Pocinhenses her\u00f3icos,<br \/>Para frente, eia avante a marchar!<br \/>Um futuro feliz, glorioso<br \/>Temos n\u00f3s a sorrir e a brilhar \u2013 BIS<\/p><p>Nossos pais nos legaram esta terra,<br \/>Na amplid\u00e3o deste c\u00e9u cor de anil,<br \/>Para juntos, unidos e fortes,<br \/>Construirmos um grande Brasil.<\/p><p>Eia sus, Pocinhenses her\u00f3icos,<br \/>Para frente, eia avante a marchar!<br \/>Um futuro feliz, glorioso<br \/>Temos n\u00f3s a sorrir e a brilhar \u2013 BIS<\/p>\t\t\t\t\t\t\t\t<\/div>\n\t\t\t\t<\/div>\n\t\t\t\t\t<\/div>\n\t\t<\/div>\n\t\t\t\t<div class=\"elementor-column elementor-col-50 elementor-top-column elementor-element elementor-element-90826fe\" data-id=\"90826fe\" data-element_type=\"column\">\n\t\t\t<div class=\"elementor-widget-wrap elementor-element-populated\">\n\t\t\t\t\t\t<section class=\"elementor-section elementor-inner-section elementor-element elementor-element-eb5efdf elementor-section-boxed elementor-section-height-default elementor-section-height-default\" data-id=\"eb5efdf\" data-element_type=\"section\">\n\t\t\t\t\t\t<div class=\"elementor-container elementor-column-gap-default\">\n\t\t\t\t\t<div class=\"elementor-column elementor-col-100 elementor-inner-column elementor-element elementor-element-726aa52\" data-id=\"726aa52\" data-element_type=\"column\">\n\t\t\t<div class=\"elementor-widget-wrap elementor-element-populated\">\n\t\t\t\t\t\t<div class=\"elementor-element elementor-element-27f40b9 elementor-widget elementor-widget-sidebar\" data-id=\"27f40b9\" data-element_type=\"widget\" data-widget_type=\"sidebar.default\">\n\t\t\t\t<div class=\"elementor-widget-container\">\n\t\t\t\t\t<section id=\"media_image-1\" class=\"widget widget_media_image\"><a href=\"https:\/\/pocinhos.pb.gov.br\/site\/politica-nacional-aldir-blanc-pnab\/\"><img decoding=\"async\" width=\"400\" height=\"80\" src=\"https:\/\/pocinhos.pb.gov.br\/site\/wp-content\/uploads\/2025\/01\/pnab.png\" class=\"image wp-image-4880  attachment-full size-full\" alt=\"\" style=\"max-width: 100%; height: auto;\" srcset=\"https:\/\/pocinhos.pb.gov.br\/site\/wp-content\/uploads\/2025\/01\/pnab.png 400w, https:\/\/pocinhos.pb.gov.br\/site\/wp-content\/uploads\/2025\/01\/pnab-300x60.png 300w\" sizes=\"(max-width: 400px) 100vw, 400px\" \/><\/a><\/section><section id=\"media_image-2\" class=\"widget widget_media_image\"><a href=\"https:\/\/docs.google.com\/forms\/d\/e\/1FAIpQLSfwE1nB821J_r21zAhHA9lG_Oa96gh--ALVJ_wwmj5wbbLlkQ\/viewform\"><img decoding=\"async\" width=\"400\" height=\"80\" src=\"https:\/\/pocinhos.pb.gov.br\/site\/wp-content\/uploads\/2025\/01\/ALDIR-4.png\" class=\"image wp-image-4881  attachment-full size-full\" alt=\"\" style=\"max-width: 100%; height: auto;\" srcset=\"https:\/\/pocinhos.pb.gov.br\/site\/wp-content\/uploads\/2025\/01\/ALDIR-4.png 400w, https:\/\/pocinhos.pb.gov.br\/site\/wp-content\/uploads\/2025\/01\/ALDIR-4-300x60.png 300w\" sizes=\"(max-width: 400px) 100vw, 400px\" \/><\/a><\/section><section id=\"media_image-3\" class=\"widget widget_media_image\"><a href=\"https:\/\/pocinhos.pb.gov.br\/site\/lei-paulo-gustavo\/\"><img decoding=\"async\" width=\"400\" height=\"80\" src=\"https:\/\/pocinhos.pb.gov.br\/site\/wp-content\/uploads\/2025\/01\/ALDIR-1.png\" class=\"image wp-image-4882  attachment-full size-full\" alt=\"\" style=\"max-width: 100%; height: auto;\" srcset=\"https:\/\/pocinhos.pb.gov.br\/site\/wp-content\/uploads\/2025\/01\/ALDIR-1.png 400w, https:\/\/pocinhos.pb.gov.br\/site\/wp-content\/uploads\/2025\/01\/ALDIR-1-300x60.png 300w\" sizes=\"(max-width: 400px) 100vw, 400px\" \/><\/a><\/section><section id=\"media_image-5\" class=\"widget widget_media_image\"><a href=\"https:\/\/api.whatsapp.com\/send?phone=5583993647791\"><img loading=\"lazy\" decoding=\"async\" width=\"400\" height=\"80\" src=\"https:\/\/pocinhos.pb.gov.br\/site\/wp-content\/uploads\/2025\/01\/RECENSEAMENTO-SITE-1.png\" class=\"image wp-image-4884  attachment-full size-full\" alt=\"\" style=\"max-width: 100%; height: auto;\" srcset=\"https:\/\/pocinhos.pb.gov.br\/site\/wp-content\/uploads\/2025\/01\/RECENSEAMENTO-SITE-1.png 400w, https:\/\/pocinhos.pb.gov.br\/site\/wp-content\/uploads\/2025\/01\/RECENSEAMENTO-SITE-1-300x60.png 300w\" sizes=\"(max-width: 400px) 100vw, 400px\" \/><\/a><\/section><section id=\"media_image-6\" class=\"widget widget_media_image\"><a href=\"https:\/\/pocinhos.pb.gov.br\/wp-content\/uploads\/2021\/09\/resolucao.pdf\"><img loading=\"lazy\" decoding=\"async\" width=\"400\" height=\"80\" src=\"https:\/\/pocinhos.pb.gov.br\/site\/wp-content\/uploads\/2025\/01\/plano.png\" class=\"image wp-image-4885  attachment-full size-full\" alt=\"\" style=\"max-width: 100%; height: auto;\" srcset=\"https:\/\/pocinhos.pb.gov.br\/site\/wp-content\/uploads\/2025\/01\/plano.png 400w, https:\/\/pocinhos.pb.gov.br\/site\/wp-content\/uploads\/2025\/01\/plano-300x60.png 300w\" sizes=\"(max-width: 400px) 100vw, 400px\" \/><\/a><\/section>\t\t\t\t<\/div>\n\t\t\t\t<\/div>\n\t\t\t\t\t<\/div>\n\t\t<\/div>\n\t\t\t\t\t<\/div>\n\t\t<\/section>\n\t\t\t\t\t<\/div>\n\t\t<\/div>\n\t\t\t\t\t<\/div>\n\t\t<\/section>\n\t\t\t\t<\/div>\n\t\t","protected":false},"excerpt":{"rendered":"<p>Nessa serra altaneira se engasta, uma j\u00f3ia de fino lavor. \u00c9 Pocinhos, cidade menina, A mais linda e mais cheia de amor. Eia sus, Pocinhenses her\u00f3icos, Para frente, eia avante a marchar! Um futuro feliz, glorioso Temos n\u00f3s a sorrir e a brilhar \u2013 BIS Terra ber\u00e7o, de um povo crist\u00e3o, Que mostrando ser bem&#8230;<\/p>\n","protected":false},"author":1,"featured_media":0,"parent":0,"menu_order":0,"comment_status":"closed","ping_status":"closed","template":"elementor_header_footer","meta":{"footnotes":""},"class_list":["post-4921","page","type-page","status-publish","hentry"],"aioseo_notices":[],"_links":{"self":[{"href":"https:\/\/pocinhos.pb.gov.br\/site\/wp-json\/wp\/v2\/pages\/4921","targetHints":{"allow":["GET"]}}],"collection":[{"href":"https:\/\/pocinhos.pb.gov.br\/site\/wp-json\/wp\/v2\/pages"}],"about":[{"href":"https:\/\/pocinhos.pb.gov.br\/site\/wp-json\/wp\/v2\/types\/page"}],"author":[{"embeddable":true,"href":"https:\/\/pocinhos.pb.gov.br\/site\/wp-json\/wp\/v2\/users\/1"}],"replies":[{"embeddable":true,"href":"https:\/\/pocinhos.pb.gov.br\/site\/wp-json\/wp\/v2\/comments?post=4921"}],"version-history":[{"count":4,"href":"https:\/\/pocinhos.pb.gov.br\/site\/wp-json\/wp\/v2\/pages\/4921\/revisions"}],"predecessor-version":[{"id":4925,"href":"https:\/\/pocinhos.pb.gov.br\/site\/wp-json\/wp\/v2\/pages\/4921\/revisions\/4925"}],"wp:attachment":[{"href":"https:\/\/pocinhos.pb.gov.br\/site\/wp-json\/wp\/v2\/media?parent=4921"}],"curies":[{"name":"wp","href":"https:\/\/api.w.org\/{rel}","templated":true}]}}