{"id":5389,"date":"2025-01-31T20:53:25","date_gmt":"2025-01-31T20:53:25","guid":{"rendered":"https:\/\/pocinhos.pb.gov.br\/site\/?page_id=5389"},"modified":"2025-01-31T20:53:25","modified_gmt":"2025-01-31T20:53:25","slug":"leis-municipais","status":"publish","type":"page","link":"https:\/\/pocinhos.pb.gov.br\/site\/leis-municipais\/","title":{"rendered":"Leis Municipais"},"content":{"rendered":"<p>Os arquivos aqui presentes encontram-se em formato PDF e alguns est\u00e3o compactados em formato WINRAR, sendo necess\u00e1rio a utiliza\u00e7\u00e3o dos programas Winrar e Acrobat Reader.<\/p>\n<p><strong>LEI 13A\/2013 \u2013 EMENDA A LEI ORG\u00c2NICA 2009<\/strong><br \/>\n<a href=\"http:\/\/camarapocinhos.pb.gov.br\/emendaaleiorganica2009.pdf\" target=\"_blank\" rel=\"noopener noreferrer\">Clique aqui para visualizar<\/a><br \/>\n<a href=\"http:\/\/camarapocinhos.pb.gov.br\/emendaaleiorganica2009.rar\" target=\"_blank\" rel=\"noopener noreferrer\">Clique aqui para baixar<\/a><\/p>\n<p><strong>LEI 1066\/2009 \u2013 LEI ORG\u00c2NICA DE POCINHOS<\/strong><br \/>\n<a href=\"http:\/\/camarapocinhos.pb.gov.br\/leiorganica.pdf\" target=\"_blank\" rel=\"noopener noreferrer\">Clique aqui para visualizar<\/a><br \/>\n<a href=\"http:\/\/camarapocinhos.pb.gov.br\/leiorganica.rar\" target=\"_blank\" rel=\"noopener noreferrer\">Clique aqui para baixar<\/a><\/p>\n<p><strong>LEI 992\/2008 \u2013 INSTITUI O REGIME JUR\u00cdDICO ESTATUT\u00c1RIO DOS SERVIDORES P\u00daBLICOS DO MUNIC\u00cdPIO DE POCINHOS<\/strong><br \/>\n<a href=\"http:\/\/camarapocinhos.pb.gov.br\/regimejuridico.pdf\" target=\"_blank\" rel=\"noopener noreferrer\">Clique aqui para visualizar<\/a><br \/>\n<a href=\"http:\/\/camarapocinhos.pb.gov.br\/regimejuridico.rar\" target=\"_blank\" rel=\"noopener noreferrer\">Clique aqui para baixar<\/a><\/p>\n<p><strong>LEI 990\/2008 \u2013 INSTITUI O ESTATUTO DOS SERVIDORES P\u00daBLICOS DO MUNIC\u00cdPIO DE POCINHOS<\/strong><br \/>\n<a href=\"http:\/\/camarapocinhos.pb.gov.br\/estatutodoservidor.pdf\" target=\"_blank\" rel=\"noopener noreferrer\">Clique aqui para visualizar<\/a><br \/>\n<a href=\"http:\/\/camarapocinhos.pb.gov.br\/estatutodoservidor.rar\">Clique aqui para baixar<\/a><\/p>\n<p><strong>LEI 979\/2007 \u2013 INSTITUI O C\u00d3DIGO TRIBUT\u00c1RIO DO MUNIC\u00cdPIO DE POCINHOS<\/strong><br \/>\n<a href=\"http:\/\/camarapocinhos.pb.gov.br\/codigotributario.pdf\" target=\"_blank\" rel=\"noopener noreferrer\">Clique aqui para visualizar<\/a><br \/>\n<a href=\"http:\/\/camarapocinhos.pb.gov.br\/codigotributario.rar\" target=\"_blank\" rel=\"noopener noreferrer\">Clique aqui para baixar<\/a><\/p>\n<p><strong>ANEXOS DA LEI 979\/2007 \u2013 C\u00d3DIGO TRIBUT\u00c1RIO<\/strong><br \/>\n<a href=\"http:\/\/camarapocinhos.pb.gov.br\/anexocodigotributario.pdf\" target=\"_blank\" rel=\"noopener noreferrer\">Clique aqui para visualizar<\/a><br \/>\n<a href=\"http:\/\/camarapocinhos.pb.gov.br\/anexocodigotributario.rar\" target=\"_blank\" rel=\"noopener noreferrer\">Clique aqui para baixar<\/a><\/p>\n<p><strong>LEI 512\/1997 \u2013 C\u00d3DIGO DE POSTURA<\/strong><br \/>\n<a href=\"http:\/\/camarapocinhos.pb.gov.br\/codigodepostura.pdf\" target=\"_blank\" rel=\"noopener noreferrer\">Clique aqui para visualizar<\/a><br \/>\n<a href=\"http:\/\/camarapocinhos.pb.gov.br\/codigodepostura.rar\" target=\"_blank\" rel=\"noopener noreferrer\">Clique aqui para baixar<\/a><\/p>\n","protected":false},"excerpt":{"rendered":"<p>Os arquivos aqui presentes encontram-se em formato PDF e alguns est\u00e3o compactados em formato WINRAR, sendo necess\u00e1rio a utiliza\u00e7\u00e3o dos programas Winrar e Acrobat Reader. LEI 13A\/2013 \u2013 EMENDA A LEI ORG\u00c2NICA 2009 Clique aqui para visualizar Clique aqui para baixar LEI 1066\/2009 \u2013 LEI ORG\u00c2NICA DE POCINHOS Clique aqui para visualizar Clique aqui para&#8230;<\/p>\n","protected":false},"author":1,"featured_media":0,"parent":0,"menu_order":0,"comment_status":"closed","ping_status":"closed","template":"","meta":{"footnotes":""},"class_list":["post-5389","page","type-page","status-publish","hentry"],"aioseo_notices":[],"_links":{"self":[{"href":"https:\/\/pocinhos.pb.gov.br\/site\/wp-json\/wp\/v2\/pages\/5389","targetHints":{"allow":["GET"]}}],"collection":[{"href":"https:\/\/pocinhos.pb.gov.br\/site\/wp-json\/wp\/v2\/pages"}],"about":[{"href":"https:\/\/pocinhos.pb.gov.br\/site\/wp-json\/wp\/v2\/types\/page"}],"author":[{"embeddable":true,"href":"https:\/\/pocinhos.pb.gov.br\/site\/wp-json\/wp\/v2\/users\/1"}],"replies":[{"embeddable":true,"href":"https:\/\/pocinhos.pb.gov.br\/site\/wp-json\/wp\/v2\/comments?post=5389"}],"version-history":[{"count":1,"href":"https:\/\/pocinhos.pb.gov.br\/site\/wp-json\/wp\/v2\/pages\/5389\/revisions"}],"predecessor-version":[{"id":5390,"href":"https:\/\/pocinhos.pb.gov.br\/site\/wp-json\/wp\/v2\/pages\/5389\/revisions\/5390"}],"wp:attachment":[{"href":"https:\/\/pocinhos.pb.gov.br\/site\/wp-json\/wp\/v2\/media?parent=5389"}],"curies":[{"name":"wp","href":"https:\/\/api.w.org\/{rel}","templated":true}]}}