{"id":5391,"date":"2025-01-31T20:53:56","date_gmt":"2025-01-31T20:53:56","guid":{"rendered":"https:\/\/pocinhos.pb.gov.br\/site\/?page_id=5391"},"modified":"2025-05-12T11:25:59","modified_gmt":"2025-05-12T11:25:59","slug":"ldo-lei-de-diretrizes-orcamentarias","status":"publish","type":"page","link":"https:\/\/pocinhos.pb.gov.br\/site\/ldo-lei-de-diretrizes-orcamentarias\/","title":{"rendered":"LDO &#8211; Lei de Diretrizes Or\u00e7ament\u00e1rias"},"content":{"rendered":"<p><a href=\"https:\/\/pocinhos.pb.gov.br\/site\/wp-content\/uploads\/2025\/02\/LEI-No-1762-2025-LDO-2026.pdf\" target=\"_blank\" rel=\"noopener\">Lei de Diretrizes Or\u00e7ament\u00e1rias 2026<\/a><\/p>\n<p><a href=\"http:\/\/pocinhos.pb.gov.br\/wp-content\/uploads\/2021\/01\/LEI-N%C2%BA-1704-2024-LDO-2025-LEI-DE-DIRETRIZES-OR%C3%87AMENTARIAS.pdf\" target=\"_blank\" rel=\"noopener noreferrer\">Lei de Diretrizes Or\u00e7ament\u00e1rias 2025<\/a><\/p>\n<p><a href=\"http:\/\/pocinhos.pb.gov.br\/wp-content\/uploads\/2021\/01\/LEI-N%C2%B0-1630-2023-DIRETRIZES-OR%C3%87AMENT%C3%81RIAS-LDO-2024.pdf\" target=\"_blank\" rel=\"noopener noreferrer\">Lei de Diretrizes Or\u00e7ament\u00e1rias 2024<\/a><\/p>\n<p><a href=\"http:\/\/pocinhos.pb.gov.br\/wp-content\/uploads\/2021\/01\/Lei-de-Diretrizes-Or%C3%A7ament%C3%A1rias-2023.pdf\">Lei de Diretrizes Or\u00e7ament\u00e1rias 2023<\/a><\/p>\n<p><a href=\"http:\/\/pocinhos.pb.gov.br\/wp-content\/uploads\/2021\/01\/Lei-de-Diretrizes-Or%C3%A7ament%C3%A1rias-2022.pdf\">Lei de Diretrizes Or\u00e7ament\u00e1rias 2022<\/a><\/p>\n<p><a href=\"http:\/\/pocinhos.pb.gov.br\/wp-content\/uploads\/2021\/01\/LEI-N%C2%B0-1447-2020-ESTABELECE-AS-DIRETRIZES-PARA-ELABORA%C3%87%C3%83O-E-EXECU%C3%87%C3%83O-DA-LEI-OR%C3%87AMENT%C3%81RIA-2021-LDO.pdf\">Lei de Diretrizes Or\u00e7ament\u00e1rias 2021<\/a><\/p>\n<p><a href=\"http:\/\/pocinhos.pb.gov.br\/wp-content\/uploads\/2021\/01\/LDO-2020.pdf\">Lei de Diretrizes Or\u00e7ament\u00e1rias 2020<\/a><\/p>\n<p><a href=\"http:\/\/pocinhos.pb.gov.br\/wp-content\/uploads\/2021\/01\/LDO-2019.pdf\">Lei de Diretrizes Or\u00e7ament\u00e1rias 2019<\/a><\/p>\n<p><a href=\"http:\/\/pocinhos.pb.gov.br\/wp-content\/uploads\/2021\/01\/LDO-2018.pdf\">Lei de Diretrizes Or\u00e7ament\u00e1rias 2018<\/a><\/p>\n<p><a href=\"http:\/\/pocinhos.pb.gov.br\/wp-content\/uploads\/2021\/01\/LDO-2017.pdf\">Lei de Diretrizes Or\u00e7ament\u00e1rias 2017<\/a><\/p>\n","protected":false},"excerpt":{"rendered":"<p>Lei de Diretrizes Or\u00e7ament\u00e1rias 2026 Lei de Diretrizes Or\u00e7ament\u00e1rias 2025 Lei de Diretrizes Or\u00e7ament\u00e1rias 2024 Lei de Diretrizes Or\u00e7ament\u00e1rias 2023 Lei de Diretrizes Or\u00e7ament\u00e1rias 2022 Lei de Diretrizes Or\u00e7ament\u00e1rias 2021 Lei de Diretrizes Or\u00e7ament\u00e1rias 2020 Lei de Diretrizes Or\u00e7ament\u00e1rias 2019 Lei de Diretrizes Or\u00e7ament\u00e1rias 2018 Lei de Diretrizes Or\u00e7ament\u00e1rias 2017<\/p>\n","protected":false},"author":1,"featured_media":0,"parent":0,"menu_order":0,"comment_status":"closed","ping_status":"closed","template":"","meta":{"footnotes":""},"class_list":["post-5391","page","type-page","status-publish","hentry"],"aioseo_notices":[],"_links":{"self":[{"href":"https:\/\/pocinhos.pb.gov.br\/site\/wp-json\/wp\/v2\/pages\/5391","targetHints":{"allow":["GET"]}}],"collection":[{"href":"https:\/\/pocinhos.pb.gov.br\/site\/wp-json\/wp\/v2\/pages"}],"about":[{"href":"https:\/\/pocinhos.pb.gov.br\/site\/wp-json\/wp\/v2\/types\/page"}],"author":[{"embeddable":true,"href":"https:\/\/pocinhos.pb.gov.br\/site\/wp-json\/wp\/v2\/users\/1"}],"replies":[{"embeddable":true,"href":"https:\/\/pocinhos.pb.gov.br\/site\/wp-json\/wp\/v2\/comments?post=5391"}],"version-history":[{"count":4,"href":"https:\/\/pocinhos.pb.gov.br\/site\/wp-json\/wp\/v2\/pages\/5391\/revisions"}],"predecessor-version":[{"id":6326,"href":"https:\/\/pocinhos.pb.gov.br\/site\/wp-json\/wp\/v2\/pages\/5391\/revisions\/6326"}],"wp:attachment":[{"href":"https:\/\/pocinhos.pb.gov.br\/site\/wp-json\/wp\/v2\/media?parent=5391"}],"curies":[{"name":"wp","href":"https:\/\/api.w.org\/{rel}","templated":true}]}}