{"id":7559,"date":"2026-02-02T13:58:20","date_gmt":"2026-02-02T13:58:20","guid":{"rendered":"https:\/\/pocinhos.pb.gov.br\/site\/?page_id=7559"},"modified":"2026-02-03T13:45:07","modified_gmt":"2026-02-03T13:45:07","slug":"recadastramento","status":"publish","type":"page","link":"https:\/\/pocinhos.pb.gov.br\/site\/recadastramento\/","title":{"rendered":"Recadastramento de Servidores"},"content":{"rendered":"<p><a href=\"https:\/\/pocinhos.pb.gov.br\/site\/wp-content\/uploads\/2026\/02\/PORTARIA-ADM-No-0001-2026-RECADASTRAMENTO-DE-FUNCIONARIOS.pdf\">PORTARIA N\u00ba 001\/2026 &#8211; RECADASTRAMENTO DE FUNCIONARIOS<\/a><\/p>\n<p><strong>Quem deve realizar a atualiza\u00e7\u00e3o dos dados cadastrais?<\/strong><\/p>\n<p>Todos os servidores efetivos, comissionados e contratados.<\/p>\n<p>&nbsp;<\/p>\n<p><strong>Onde realizar o recadastramento?<\/strong><\/p>\n<p><em>Presencialmente:<\/em><\/p>\n<p>Servidores das Secretarias de Educa\u00e7\u00e3o, Sa\u00fade e Assist\u00eancia Social devem comparecer \u00e0s respectivas secretarias para realizar o procedimento.<\/p>\n<p>Servidores das demais secretarias devem se dirigir \u00e0 Prefeitura Municipal de Pocinhos.<\/p>\n<p><em>Online:<\/em><\/p>\n<p>A ficha de atualiza\u00e7\u00e3o de dados est\u00e1 dispon\u00edvel abaixo para download.<\/p>\n<p><a title=\"FICHA DE ATUALIZA\u00c7\u00c3O\" href=\"https:\/\/pocinhos.pb.gov.br\/site\/wp-content\/uploads\/2026\/02\/FICHA-DE-ATUALIZACAO-DE-DADOS-CADASTRAIS-ADM.pdf\">FICHA DE ATUALIZA\u00c7\u00c3O<\/a><\/p>\n<p><strong>Ap\u00f3s o preenchimento, a ficha dever\u00e1 ser assinada pelo servidor e enviada para o e-mail abaixo.<\/strong><\/p>\n<p><em>E-mail para envio da ficha:<\/em><br \/>\npmp.pocinhos.recadastramento@gmail.com<\/p>\n","protected":false},"excerpt":{"rendered":"<p>PORTARIA N\u00ba 001\/2026 &#8211; RECADASTRAMENTO DE FUNCIONARIOS Quem deve realizar a atualiza\u00e7\u00e3o dos dados cadastrais? Todos os servidores efetivos, comissionados e contratados. &nbsp; Onde realizar o recadastramento? Presencialmente: Servidores das Secretarias de Educa\u00e7\u00e3o, Sa\u00fade e Assist\u00eancia Social devem comparecer \u00e0s respectivas secretarias para realizar o procedimento. Servidores das demais secretarias devem se dirigir \u00e0 Prefeitura&#8230;<\/p>\n","protected":false},"author":1,"featured_media":0,"parent":0,"menu_order":0,"comment_status":"closed","ping_status":"closed","template":"","meta":{"footnotes":""},"class_list":["post-7559","page","type-page","status-publish","hentry"],"aioseo_notices":[],"_links":{"self":[{"href":"https:\/\/pocinhos.pb.gov.br\/site\/wp-json\/wp\/v2\/pages\/7559","targetHints":{"allow":["GET"]}}],"collection":[{"href":"https:\/\/pocinhos.pb.gov.br\/site\/wp-json\/wp\/v2\/pages"}],"about":[{"href":"https:\/\/pocinhos.pb.gov.br\/site\/wp-json\/wp\/v2\/types\/page"}],"author":[{"embeddable":true,"href":"https:\/\/pocinhos.pb.gov.br\/site\/wp-json\/wp\/v2\/users\/1"}],"replies":[{"embeddable":true,"href":"https:\/\/pocinhos.pb.gov.br\/site\/wp-json\/wp\/v2\/comments?post=7559"}],"version-history":[{"count":3,"href":"https:\/\/pocinhos.pb.gov.br\/site\/wp-json\/wp\/v2\/pages\/7559\/revisions"}],"predecessor-version":[{"id":7580,"href":"https:\/\/pocinhos.pb.gov.br\/site\/wp-json\/wp\/v2\/pages\/7559\/revisions\/7580"}],"wp:attachment":[{"href":"https:\/\/pocinhos.pb.gov.br\/site\/wp-json\/wp\/v2\/media?parent=7559"}],"curies":[{"name":"wp","href":"https:\/\/api.w.org\/{rel}","templated":true}]}}