{"id":7600,"date":"2026-02-11T13:08:16","date_gmt":"2026-02-11T13:08:16","guid":{"rendered":"https:\/\/pocinhos.pb.gov.br\/site\/?page_id=7600"},"modified":"2026-02-11T15:40:15","modified_gmt":"2026-02-11T15:40:15","slug":"comtur-pocinhos","status":"publish","type":"page","link":"https:\/\/pocinhos.pb.gov.br\/site\/comtur-pocinhos\/","title":{"rendered":"COMTUR Pocinhos"},"content":{"rendered":"<article class=\"text-token-text-primary w-full focus:outline-none [--shadow-height:45px] has-data-writing-block:pointer-events-none has-data-writing-block:-mt-(--shadow-height) has-data-writing-block:pt-(--shadow-height) [&amp;:has([data-writing-block])&gt;*]:pointer-events-auto scroll-mt-(--header-height)\" dir=\"auto\" tabindex=\"-1\" data-turn-id=\"a7c4ccd8-4b0c-46f2-b013-e14b5dcf08cc\" data-testid=\"conversation-turn-43\" data-scroll-anchor=\"false\" data-turn=\"user\"><\/article>\n<article class=\"text-token-text-primary w-full focus:outline-none [--shadow-height:45px] has-data-writing-block:pointer-events-none has-data-writing-block:-mt-(--shadow-height) has-data-writing-block:pt-(--shadow-height) [&amp;:has([data-writing-block])&gt;*]:pointer-events-auto scroll-mt-[calc(var(--header-height)+min(200px,max(70px,20svh)))]\" dir=\"auto\" tabindex=\"-1\" data-turn-id=\"493289f6-da95-4605-8100-f5edab652b01\" data-testid=\"conversation-turn-44\" data-scroll-anchor=\"true\" data-turn=\"assistant\">\n<div class=\"text-base my-auto mx-auto pb-10 [--thread-content-margin:--spacing(4)] @w-sm\/main:[--thread-content-margin:--spacing(6)] @w-lg\/main:[--thread-content-margin:--spacing(16)] px-(--thread-content-margin)\">\n<div class=\"[--thread-content-max-width:40rem] @w-lg\/main:[--thread-content-max-width:48rem] mx-auto max-w-(--thread-content-max-width) flex-1 group\/turn-messages focus-visible:outline-hidden relative flex w-full min-w-0 flex-col agent-turn\" tabindex=\"-1\">\n<div class=\"flex max-w-full flex-col grow\">\n<h1>O CONSELHO:<\/h1>\n<p class=\"first:mt-0 my-1.5 h-8 flex items-center ltr:me-auto rtl:ms-auto empty:hidden text-token-text-secondary\">O Conselho Municipal de Turismo (COMTUR) de Pocinhos foi institu\u00eddo por meio de lei municipal espec\u00edfica, juntamente com a cria\u00e7\u00e3o do Fundo Municipal de Turismo (FUNTUR), conforme estabelecido na legisla\u00e7\u00e3o pr\u00f3pria que organiza a pol\u00edtica p\u00fablica de turismo no munic\u00edpio.<\/p>\n<div class=\"min-h-8 text-message relative flex w-full flex-col items-end gap-2 text-start break-words whitespace-normal [.text-message+&amp;]:mt-1\" dir=\"auto\" data-message-author-role=\"assistant\" data-message-id=\"2f1dbc79-c1e8-4c10-aeae-263f960e351c\" data-message-model-slug=\"gpt-5-2\">\n<div class=\"flex w-full flex-col gap-1 empty:hidden first:pt-[1px]\">\n<div class=\"markdown prose dark:prose-invert w-full wrap-break-word light markdown-new-styling\">\n<p data-start=\"0\" data-end=\"654\" data-is-last-node=\"\" data-is-only-node=\"\"><a title=\"MENS\u00c1RIO EXTRA MAR\u00c7O 2022\" href=\"https:\/\/chatgpt.com\/c\/69860828-8f04-832a-a75e-3d0bde60a687#:~:text=lei%20de%20cria%C3%A7%C3%A3o-,O%20ChatGPT%20disse%3A,para%20fortalecer%20o%20setor%20e%20impulsionar%20o%20potencial%20tur%C3%ADstico%20de%20Pocinhos.,-Fontes\">Lei de CRIA\u00c7\u00c3O do COMTUR E FUNTUR de Pocinhos<\/a><\/p>\n<p data-start=\"0\" data-end=\"654\" data-is-last-node=\"\" data-is-only-node=\"\">\u00a0A lei define o Conselho como \u00f3rg\u00e3o de car\u00e1ter consultivo e deliberativo, com a finalidade de orientar, promover e acompanhar as a\u00e7\u00f5es voltadas ao desenvolvimento tur\u00edstico local, garantindo a participa\u00e7\u00e3o do poder p\u00fablico e da sociedade civil na constru\u00e7\u00e3o de estrat\u00e9gias para fortalecer o setor e impulsionar o potencial tur\u00edstico de Pocinhos.<\/p>\n<\/div>\n<h4 data-start=\"1097\" data-end=\"1131\">Secretaria Municipal de Turismo<\/h4>\n<p data-start=\"1133\" data-end=\"1356\">A pol\u00edtica p\u00fablica de turismo em Pocinhos est\u00e1 fundamentada em legisla\u00e7\u00e3o pr\u00f3pria que organiza a estrutura administrativa do setor, garantindo respaldo jur\u00eddico \u00e0s a\u00e7\u00f5es, programas e investimentos realizados pelo Munic\u00edpio.<\/p>\n<h1 data-start=\"2329\" data-end=\"2356\">Composi\u00e7\u00e3o do Conselho<\/h1>\n<p data-start=\"2358\" data-end=\"2552\">O COMTUR \u00e9 composto por representantes do poder p\u00fablico municipal e da sociedade civil organizada, conforme disposto na legisla\u00e7\u00e3o que instituiu o Conselho<\/p>\n<p data-start=\"2554\" data-end=\"2772\">A composi\u00e7\u00e3o contempla membros titulares e suplentes indicados pelos respectivos segmentos representativos, observando crit\u00e9rios de participa\u00e7\u00e3o e representatividade institucional<\/p>\n<p data-start=\"2554\" data-end=\"2772\"><strong>Membro do Poder Publico:<\/strong><br \/>\nSecretaria de Industria, Comercio e Turismo:<br \/>\nTitular: Marissandra Porto Batista<\/p>\n<p data-start=\"2554\" data-end=\"2772\"><strong>Secretaria de Cultura e Desportos:<\/strong><br \/>\nTitular: Tiago Monteiro Pereira<br \/>\nSuplente: Maria Goreth Ferreira Ara\u00fajo<\/p>\n<p data-start=\"2554\" data-end=\"2772\"><strong>Procuradoria Geral do Munic\u00edpio:<\/strong><br \/>\nTitular: Moacir Amorim Mendes<br \/>\nSuplente: Caio Lins Viana<\/p>\n<p data-start=\"2554\" data-end=\"2772\"><strong>Secretaria de Infraestrutura e Meio Ambiente:<\/strong><br \/>\nTitular: Sostenes Murilo Melo de Oliveira<br \/>\nSuplente: Muryllo Pereira Leal<\/p>\n<p data-start=\"2554\" data-end=\"2772\"><strong>Secretaria de Educa\u00e7\u00e3o:<\/strong><br \/>\nTitular: Jordana Costa Soares Ara\u00fajo<br \/>\nSuplente: Samara Ferreira Louren\u00e7o de Souto<\/p>\n<p data-start=\"2554\" data-end=\"2772\"><strong>Membros da Sociedade Civil<\/strong><br \/>\n<strong>\u00a0Representantes da Casa do Artes\u00e3o de Pocinhos<\/strong><br \/>\nTitular: Carlene Porto Gomes<br \/>\nSuplente: Raimundo Jos\u00e9 da Silva<\/p>\n<p data-start=\"2554\" data-end=\"2772\">\u00a0 \u00a0<strong>\u00a0 Representantes de Condutores de Turismo e de Agencias de Viagens<\/strong><br \/>\nTitular: Carlos Eduardo Apolin\u00e1rio Ara\u00fajo<\/p>\n<p data-start=\"2554\" data-end=\"2772\">\u00a0 \u00a0\u00a0<strong>\u00a0Representantes do Setor de Hotelaria e Restaurantes<\/strong><br \/>\nTitular: Fabricia Martins Gondim<br \/>\nSuplente: Joana Darc Balbino de Rocha<\/p>\n<p data-start=\"2554\" data-end=\"2772\">\u00a0 \u00a0 \u00a0<strong>Representantes do Setor de Bares, Lanchonetes e Pizzarias<\/strong><br \/>\nTitular: Ivaneide Cristino Tavares Martins<br \/>\nSuplente: Patr\u00edcia dos Santos Matias<\/p>\n<p data-start=\"2554\" data-end=\"2772\">\u00a0 \u00a0 \u00a0<strong>Representantes do Segmento de Eventos<\/strong><br \/>\nTitular: Arthur Antunes Batista Costa<br \/>\nSuplente: Valteir Bezerra Elias<\/p>\n<p data-start=\"2554\" data-end=\"2772\"><strong>\u00a0 \u00a0 \u00a0Representantes das Entidades Sindicais Rurais<\/strong><br \/>\nTitular: Josilene Cunha dos Santos Pereira<br \/>\nSuplente: Janaina da Silva Guerra<\/p>\n<p data-start=\"2554\" data-end=\"2772\"><strong>\u00a0 \u00a0 Representantes do Segmento Art\u00edstico e Cultural<\/strong><br \/>\nTitular: Erivelton da Cunha Nobrega<br \/>\nSuplente: Genielson Ara\u00fajo Melo<\/p>\n<p data-start=\"2554\" data-end=\"2772\"><strong>\u00a0 \u00a0 Representantes das Associa\u00e7\u00f5es do Munic\u00edpio<\/strong><br \/>\nTitular: Marcos dos Santos Nascimento<\/p>\n<p data-start=\"2774\" data-end=\"3010\">A rela\u00e7\u00e3o nominal dos conselheiros, com seus respectivos cargos e representa\u00e7\u00f5es, encontra-se dispon\u00edvel nesta p\u00e1gina para fins de transpar\u00eancia e acesso \u00e0 informa\u00e7\u00e3o, conforme documenta\u00e7\u00e3o oficial.<\/p>\n<p data-start=\"2774\" data-end=\"3010\"><a title=\"MENS\u00c1RIO\" href=\"file:\/\/\/C:\/Users\/carta\/Downloads\/Membros%20do%20COMTUR%20(3).pdf\">MEMBROS DO CONSELHO<\/a><\/p>\n<\/div>\n<\/div>\n<\/div>\n<\/div>\n<\/div>\n<\/article>\n","protected":false},"excerpt":{"rendered":"<p>O CONSELHO: O Conselho Municipal de Turismo (COMTUR) de Pocinhos foi institu\u00eddo por meio de lei municipal espec\u00edfica, juntamente com a cria\u00e7\u00e3o do Fundo Municipal de Turismo (FUNTUR), conforme estabelecido na legisla\u00e7\u00e3o pr\u00f3pria que organiza a pol\u00edtica p\u00fablica de turismo no munic\u00edpio. Lei de CRIA\u00c7\u00c3O do COMTUR E FUNTUR de Pocinhos \u00a0A lei define o&#8230;<\/p>\n","protected":false},"author":1,"featured_media":0,"parent":0,"menu_order":0,"comment_status":"closed","ping_status":"closed","template":"","meta":{"footnotes":""},"class_list":["post-7600","page","type-page","status-publish","hentry"],"aioseo_notices":[],"_links":{"self":[{"href":"https:\/\/pocinhos.pb.gov.br\/site\/wp-json\/wp\/v2\/pages\/7600","targetHints":{"allow":["GET"]}}],"collection":[{"href":"https:\/\/pocinhos.pb.gov.br\/site\/wp-json\/wp\/v2\/pages"}],"about":[{"href":"https:\/\/pocinhos.pb.gov.br\/site\/wp-json\/wp\/v2\/types\/page"}],"author":[{"embeddable":true,"href":"https:\/\/pocinhos.pb.gov.br\/site\/wp-json\/wp\/v2\/users\/1"}],"replies":[{"embeddable":true,"href":"https:\/\/pocinhos.pb.gov.br\/site\/wp-json\/wp\/v2\/comments?post=7600"}],"version-history":[{"count":3,"href":"https:\/\/pocinhos.pb.gov.br\/site\/wp-json\/wp\/v2\/pages\/7600\/revisions"}],"predecessor-version":[{"id":7609,"href":"https:\/\/pocinhos.pb.gov.br\/site\/wp-json\/wp\/v2\/pages\/7600\/revisions\/7609"}],"wp:attachment":[{"href":"https:\/\/pocinhos.pb.gov.br\/site\/wp-json\/wp\/v2\/media?parent=7600"}],"curies":[{"name":"wp","href":"https:\/\/api.w.org\/{rel}","templated":true}]}}